{"id":1404,"date":"2020-05-20T09:29:45","date_gmt":"2020-05-20T07:29:45","guid":{"rendered":"https:\/\/haute-collection.com\/?page_id=1404"},"modified":"2025-09-15T09:31:55","modified_gmt":"2025-09-15T07:31:55","slug":"location-chalets-de-luxe-chamonix-et-megeve","status":"publish","type":"page","link":"https:\/\/haute-collection.com\/fr\/","title":{"rendered":"Accueil"},"content":{"rendered":"<p>Chalets Haute De Gamme<\/p>\n<p class=\"\">Haute Collection est un gestionnaire de chalets de luxe bas\u00e9 dans la c\u00e9l\u00e8bre station de ski fran\u00e7aise de Chamonix Mont Blanc. Les chalets que nous g\u00e9rons le sont de fa\u00e7on exclusive. &amp; Ils vous offrent un design exquis et des \u00e9quipements du plus haut de gamme, en mesure de satisfaire les clients les plus exigeants.Tous nos chalets sont disponibles \u00e0 la location sur une base \u00ab\u00a0sans service\u00a0\u00bb (dans ce cas, un service de m\u00e9nage et de conciergerie &amp;\u00a0est tout de m\u00eame inclus) ou avec services pour un s\u00e9jour compl\u00e8tement sur mesure.<\/p>\n<p class=\"\">.Vos d\u00e9sirs seront notre fil conducteur et c&rsquo;est vous qui d\u00e9ciderez. Nous nous adaptons \u00e0 chaque situation, et comme toujours, nous nous surpasserons afin de vous garantir un s\u00e9jour o\u00f9 tout a \u00e9t\u00e9 pens\u00e9 dans les moindres d\u00e9tails. Nos propositions de s\u00e9jour sont faites sur mesure et incluent tous nos services. &amp; Pour des raisons de confidentialit\u00e9, toutes nos propri\u00e9t\u00e9s ne sont pas affich\u00e9es en ligne, veuillez nous contacter pour plus d&rsquo;informations.\/p&gt;<\/p>\n<!-- AddThis Advanced Settings generic via filter on the_content --><!-- AddThis Share Buttons generic via filter on the_content -->","protected":false},"excerpt":{"rendered":"<p>Chalets Haute De Gamme Haute Collection est un gestionnaire de chalets de luxe bas\u00e9 dans la c\u00e9l\u00e8bre station de ski fran\u00e7aise de Chamonix Mont Blanc. Les chalets que nous g\u00e9rons le sont de fa\u00e7on exclusive. &amp; Ils vous offrent un design exquis et des \u00e9quipements du plus haut de gamme, en mesure de satisfaire les [&hellip;]<!-- AddThis Advanced Settings generic via filter on get_the_excerpt --><!-- AddThis Share Buttons generic via filter on get_the_excerpt --><\/p>\n","protected":false},"author":3,"featured_media":0,"parent":0,"menu_order":0,"comment_status":"closed","ping_status":"closed","template":"templates\/page-home.php","meta":{"footnotes":""},"class_list":["post-1404","page","type-page","status-publish","hentry"],"yoast_head":"<!-- This site is optimized with the Yoast SEO plugin v23.2 - https:\/\/yoast.com\/wordpress\/plugins\/seo\/ -->\n<title>Accueil | Haute Collection<\/title>\n<meta name=\"description\" content=\"Haute Collection offre des vacances haute de gamme a Chamonix et Megeve. Ete et hiver avec tout prestations.\" \/>\n<meta name=\"robots\" content=\"index, follow, max-snippet:-1, max-image-preview:large, max-video-preview:-1\" \/>\n<link rel=\"canonical\" href=\"https:\/\/haute-collection.com\/fr\/\" \/>\n<meta property=\"og:locale\" content=\"fr_FR\" \/>\n<meta property=\"og:type\" content=\"article\" \/>\n<meta property=\"og:title\" content=\"Accueil | Haute Collection\" \/>\n<meta property=\"og:description\" content=\"Haute Collection offre des vacances haute de gamme a Chamonix et Megeve. Ete et hiver avec tout prestations.\" \/>\n<meta property=\"og:url\" content=\"https:\/\/haute-collection.com\/fr\/\" \/>\n<meta property=\"og:site_name\" content=\"Haute Collection\" \/>\n<meta property=\"article:publisher\" content=\"https:\/\/www.facebook.com\/hautecollectionchamonix\/\" \/>\n<meta property=\"article:modified_time\" content=\"2025-09-15T07:31:55+00:00\" \/>\n<meta property=\"og:image\" content=\"https:\/\/haute-collection.com\/_files\/uploads\/2018\/11\/hc-og-logo-dark-1080x1080-1.png\" \/>\n\t<meta property=\"og:image:width\" content=\"1080\" \/>\n\t<meta property=\"og:image:height\" content=\"1080\" \/>\n\t<meta property=\"og:image:type\" content=\"image\/png\" \/>\n<meta name=\"twitter:card\" content=\"summary_large_image\" \/>\n<meta name=\"twitter:label1\" content=\"Dur\u00e9e de lecture estim\u00e9e\" \/>\n\t<meta name=\"twitter:data1\" content=\"1 minute\" \/>\n<script type=\"application\/ld+json\" class=\"yoast-schema-graph\">{\"@context\":\"https:\/\/schema.org\",\"@graph\":[{\"@type\":\"WebPage\",\"@id\":\"https:\/\/haute-collection.com\/fr\/\",\"url\":\"https:\/\/haute-collection.com\/fr\/\",\"name\":\"Accueil | Haute Collection\",\"isPartOf\":{\"@id\":\"https:\/\/haute-collection.com\/fr\/#website\"},\"datePublished\":\"2020-05-20T07:29:45+00:00\",\"dateModified\":\"2025-09-15T07:31:55+00:00\",\"description\":\"Haute Collection offre des vacances haute de gamme a Chamonix et Megeve. Ete et hiver avec tout prestations.\",\"breadcrumb\":{\"@id\":\"https:\/\/haute-collection.com\/fr\/#breadcrumb\"},\"inLanguage\":\"fr-FR\",\"potentialAction\":[{\"@type\":\"ReadAction\",\"target\":[\"https:\/\/haute-collection.com\/fr\/\"]}]},{\"@type\":\"BreadcrumbList\",\"@id\":\"https:\/\/haute-collection.com\/fr\/#breadcrumb\",\"itemListElement\":[{\"@type\":\"ListItem\",\"position\":1,\"name\":\"Home\",\"item\":\"https:\/\/haute-collection.com\/fr\/\"},{\"@type\":\"ListItem\",\"position\":2,\"name\":\"Accueil\"}]},{\"@type\":\"WebSite\",\"@id\":\"https:\/\/haute-collection.com\/fr\/#website\",\"url\":\"https:\/\/haute-collection.com\/fr\/\",\"name\":\"Haute Collection\",\"description\":\"Luxury Chalets in Chamonix &amp; Meg\u00e8ve\",\"potentialAction\":[{\"@type\":\"SearchAction\",\"target\":{\"@type\":\"EntryPoint\",\"urlTemplate\":\"https:\/\/haute-collection.com\/fr\/?s={search_term_string}\"},\"query-input\":\"required name=search_term_string\"}],\"inLanguage\":\"fr-FR\"}]}<\/script>\n<!-- \/ Yoast SEO plugin. -->","yoast_head_json":{"title":"Accueil | Haute Collection","description":"Haute Collection offre des vacances haute de gamme a Chamonix et Megeve. Ete et hiver avec tout prestations.","robots":{"index":"index","follow":"follow","max-snippet":"max-snippet:-1","max-image-preview":"max-image-preview:large","max-video-preview":"max-video-preview:-1"},"canonical":"https:\/\/haute-collection.com\/fr\/","og_locale":"fr_FR","og_type":"article","og_title":"Accueil | Haute Collection","og_description":"Haute Collection offre des vacances haute de gamme a Chamonix et Megeve. Ete et hiver avec tout prestations.","og_url":"https:\/\/haute-collection.com\/fr\/","og_site_name":"Haute Collection","article_publisher":"https:\/\/www.facebook.com\/hautecollectionchamonix\/","article_modified_time":"2025-09-15T07:31:55+00:00","og_image":[{"width":1080,"height":1080,"url":"https:\/\/haute-collection.com\/_files\/uploads\/2018\/11\/hc-og-logo-dark-1080x1080-1.png","type":"image\/png"}],"twitter_card":"summary_large_image","twitter_misc":{"Dur\u00e9e de lecture estim\u00e9e":"1 minute"},"schema":{"@context":"https:\/\/schema.org","@graph":[{"@type":"WebPage","@id":"https:\/\/haute-collection.com\/fr\/","url":"https:\/\/haute-collection.com\/fr\/","name":"Accueil | Haute Collection","isPartOf":{"@id":"https:\/\/haute-collection.com\/fr\/#website"},"datePublished":"2020-05-20T07:29:45+00:00","dateModified":"2025-09-15T07:31:55+00:00","description":"Haute Collection offre des vacances haute de gamme a Chamonix et Megeve. Ete et hiver avec tout prestations.","breadcrumb":{"@id":"https:\/\/haute-collection.com\/fr\/#breadcrumb"},"inLanguage":"fr-FR","potentialAction":[{"@type":"ReadAction","target":["https:\/\/haute-collection.com\/fr\/"]}]},{"@type":"BreadcrumbList","@id":"https:\/\/haute-collection.com\/fr\/#breadcrumb","itemListElement":[{"@type":"ListItem","position":1,"name":"Home","item":"https:\/\/haute-collection.com\/fr\/"},{"@type":"ListItem","position":2,"name":"Accueil"}]},{"@type":"WebSite","@id":"https:\/\/haute-collection.com\/fr\/#website","url":"https:\/\/haute-collection.com\/fr\/","name":"Haute Collection","description":"Luxury Chalets in Chamonix &amp; Meg\u00e8ve","potentialAction":[{"@type":"SearchAction","target":{"@type":"EntryPoint","urlTemplate":"https:\/\/haute-collection.com\/fr\/?s={search_term_string}"},"query-input":"required name=search_term_string"}],"inLanguage":"fr-FR"}]}},"_links":{"self":[{"href":"https:\/\/haute-collection.com\/fr\/wp-json\/wp\/v2\/pages\/1404"}],"collection":[{"href":"https:\/\/haute-collection.com\/fr\/wp-json\/wp\/v2\/pages"}],"about":[{"href":"https:\/\/haute-collection.com\/fr\/wp-json\/wp\/v2\/types\/page"}],"author":[{"embeddable":true,"href":"https:\/\/haute-collection.com\/fr\/wp-json\/wp\/v2\/users\/3"}],"replies":[{"embeddable":true,"href":"https:\/\/haute-collection.com\/fr\/wp-json\/wp\/v2\/comments?post=1404"}],"version-history":[{"count":9,"href":"https:\/\/haute-collection.com\/fr\/wp-json\/wp\/v2\/pages\/1404\/revisions"}],"predecessor-version":[{"id":1700,"href":"https:\/\/haute-collection.com\/fr\/wp-json\/wp\/v2\/pages\/1404\/revisions\/1700"}],"wp:attachment":[{"href":"https:\/\/haute-collection.com\/fr\/wp-json\/wp\/v2\/media?parent=1404"}],"curies":[{"name":"wp","href":"https:\/\/api.w.org\/{rel}","templated":true}]}}