{"id":1414,"date":"2020-05-26T12:16:08","date_gmt":"2020-05-26T10:16:08","guid":{"rendered":"https:\/\/haute-collection.com\/?page_id=1414"},"modified":"2023-06-05T14:25:21","modified_gmt":"2023-06-05T12:25:21","slug":"a-propos-de-haute-collection","status":"publish","type":"page","link":"https:\/\/haute-collection.com\/fr\/a-propos-de-haute-collection\/","title":{"rendered":"\u00c0 propos"},"content":{"rendered":"<p>[vc_row content_placement=\u00a0\u00bbmiddle\u00a0\u00bb][vc_column][vc_empty_space height=\u00a0\u00bb30px\u00a0\u00bb][vc_column_text el_class=\u00a0\u00bbletterspacing-0&Prime;]<\/p>\n<h3 style=\"text-align: center;\"><span style=\"color: #333333;\"><strong>Gestion de Chalets de Luxe \u00e0 Chamonix, Saint-Gervais et Meg\u00e8ve<\/strong><\/span><\/h3>\n<p style=\"text-align: center;\"><span style=\"color: #333333;\">\u00a0 Haute Collection est une soci\u00e9t\u00e9 enregistr\u00e9e au Royaume-Uni op\u00e9rant en France, avec plus de 10 ans d&rsquo;exp\u00e9rience dans dans la gestion de chalets de luxe dans la vall\u00e9e de\u00a0<a style=\"color: #333333;\" href=\"https:\/\/www.chamonix.com\">Chamonix<\/a>\u00a0et\u00a0<a style=\"color: #333333;\" href=\"https:\/\/megeve.com\/\" target=\"_blank\" rel=\"noopener noreferrer\">Meg\u00e8ve<\/a>.<br \/>\nNotre\u00a0<span style=\"text-decoration: underline;\"><a style=\"color: #333333; text-decoration: underline;\" href=\"https:\/\/haute-collection.com\/chalets\/\" target=\"_blank\" rel=\"noopener noreferrer\">p<\/a>ortefeuille<\/span> unique vous offre certains des chalets les plus exclusifs et luxueux situ\u00e9s au pied du majestueux Mont Blanc, la plus haute montagne d&rsquo;Europe<\/span><\/p>\n<h3 style=\"text-align: center;\"><span style=\"color: #333333;\"><strong>Prestations Exclusives<\/strong><\/span><\/h3>\n<p style=\"text-align: center;\"><span style=\"color: #333333;\">\u00a0 \u00a0Nous sommes constamment \u00e0 la recherche de propri\u00e9t\u00e9s uniques par leur design et leurs installations afin d&rsquo;\u00eatre en mesure d&rsquo;offrir des vacances inoubliables pour nos clients.<br \/>\nNotre portefeuille de chalets comprend des propri\u00e9t\u00e9s avec piscines, sauna et\/ou hammam ou bain \u00e0 remous ext\u00e9rieur et vues panoramiques .<\/span><\/p>\n<h3 style=\"text-align: center;\"><span style=\"color: #333333;\"><strong>Relations Propri\u00e9taires &amp; Clients<\/strong><\/span><\/h3>\n<p style=\"text-align: center;\"><span style=\"color: #333333;\">\u00a0<\/span>\u00cates-vous l&rsquo;un des propri\u00e9taires qui nous fait confiance et nous a confi\u00e9 la gestion de votre propri\u00e9t\u00e9 ?<br \/>\nOu un vacancier \u00e0 la recherche d&rsquo;un chalet de luxe id\u00e9al pour une escapade \u00e0 Chamonix, Saint-Gervais ou Meg\u00e8ve?<br \/>\nNotre attention aux d\u00e9tails est la cl\u00e9 de notre succ\u00e8s et nous vous encourageons \u00e0 explorer notre site Web.<br \/>\nD\u00e9couvrez notre gamme compl\u00e8te de services et laissez-nous vous offrir un niveau de service tout simplement exceptionnel.<\/p>\n<p style=\"text-align: center;\">Pour nous, \u00e0 Haute Collection, les relations personnelles que nous d\u00e9veloppons avec propri\u00e9taires et clients au fil du temps sont au centre de nos pr\u00e9occupations.<br \/>\nVoil\u00e0 comment et pourquoi nos propri\u00e9taires continuent de nous faire confiance. C&rsquo;est aussi pourquoi nos clients reviennent chaque ann\u00e9e.<\/p>\n<p style=\"text-align: center;\">Notre objectif ultime est de parvenir \u00e0 offrir une exp\u00e9rience d&rsquo;hospitabilit\u00e9 luxueuse dans un cadre alpin unique.<\/p>\n<p style=\"text-align: center;\">Consultez notre portefeuille de chalets disponibles \u00e0 la location et laissez-nous cr\u00e9er vos vacances de r\u00eave en hiver ou en \u00e9t\u00e9.<\/p>\n<p>[\/vc_column_text][\/vc_column][\/vc_row][vc_row full_width=\u00a0\u00bbstretch_row_content\u00a0\u00bb equal_height=\u00a0\u00bbyes\u00a0\u00bb content_placement=\u00a0\u00bbmiddle\u00a0\u00bb css=\u00a0\u00bb.vc_custom_1536314795728{background-color: #444444 !important;}\u00a0\u00bb][vc_column width=\u00a0\u00bb1\/2&Prime; css=\u00a0\u00bb.vc_custom_1536314773324{padding-top: 80px !important;padding-right: 15% !important;padding-bottom: 80px !important;padding-left: 15% !important;}\u00a0\u00bb][vc_raw_html]JTNDaDIlMjBjbGFzcyUzRCUyMnN1Yi1oMiUyMiUzRVByb3ByaSVDMyVBOXRhaXJlcyUyMCUzQ2JyJTNFJTBBJTNDc3BhbiUyMGNsYXNzJTNEJTIyc3ViLWgyLWdyZXklMjIlM0UlM0MlMkZoMiUzRSUwQSUzQ3AlMjBjbGFzcyUzRCUyMnAtb24tZGFyayUyMiUzRVZvdXMlMjBwb3NzJUMzJUE5ZGV6JTIwZCVDMyVBOWolQzMlQTAlMjBvdSUyMGNvbnNpZCVDMyVBOXJleiUyMGwlMjdhY2hhdCUyMGQlMjd1bmUlMjBwcm9wcmklQzMlQTl0JUMzJUE5JTIwZGUlMjBsdXhlJTIwZGFucyUyMGxhJTIwdmFsbCVDMyVBOWUlMjBkZSUyMENoYW1vbml4JTJDJTIwJUMzJUEwJTIwU2FpbnQtR2VydmFpcyUyMG91JTIwJUMzJUEwJTIwTWVnJUMzJUE4dmUlM0YlMjBOb3VzJTIwc29tbWVzJTIwdG91am91cnMlMjAlQzMlQTAlMjBsYSUyMHJlY2hlcmNoZSUyMGRlJTIwbm91dmVsbGVzJTIwcHJvcHJpJUMzJUE5dCVDMyVBOXMlMjBwb3VyJTIwY29tcGwlQzMlQTl0ZXIlMjBub3RyZSUyMHBvcnRlZmV1aWxsZSUyMGRlJTIwbHV4ZS4lMjBOb3VzJTIwc29tbWVzJTIwdG91dCUyMHBhcnRpY3VsaSVDMyVBOHJlbWVudCUyMCVDMyVBMCUyMGxhJTIwcmVjaGVyY2hlJTIwZGUlMjBjaGFsZXRzJTIwb3UlMjBhcHBhcnRlbWVudHMlMjBkZSUyMGx1eGUlMjBkZSUyMHRyb2lzJTIwJUMzJUEwJTIwcXVhdHJlJTIwY2hhbWJyZXMlMjBzaXR1JUMzJUE5cyUyMGlkJUMzJUE5YWxlbWVudCUyMCVDMyVBMCUyMHByb3hpbWl0JUMzJUE5JTIwZHUlMjBjZW50cmUlMjBkZXMlMjBzdGF0aW9ucyUyMG8lQzMlQjklMjBub3VzJTIwb3AlQzMlQTlyb25zLiUyMEVuJTIwdGFudCUyMHF1ZSUyMGdlc3Rpb25uYWlyZSUyMGRlJTIwcHJvcHJpJUMzJUE5dCVDMyVBOSUyMGRlJTIwbHV4ZSUyQyUyMG5vdXMlMjByZWNoZXJjaG9ucyUyMGF1JTIwbWluaW11bSUyMGRlcyUyMHByb3ByaSVDMyVBOXQlQzMlQTlzJTIwYXZlYyUyMGphY3V6emklMkMlMjB1biUyMGhhbW1hbSUyMGV0JTJGb3UlMjB1biUyMHNhdW5hJTJDJTIwdW5lJTIwc2FsbGUlMjBkZSUyMGNpbiVDMyVBOW1hLiUyME4lMjdoJUMzJUE5c2l0ZXolMjBwYXMlMjAlQzMlQTAlMjBub3VzJTIwY29udGFjdGVyJTIwc2klMjB2b3VzJTIwc291aGFpdGV6JTIwZGlzY3V0ZXIlMjBkYXZhbnRhZ2UlMjBkZSUyMHZvcyUyMGJlc29pbnMlMjBkZSUyMGdlc3Rpb24uJTIwTm91cyUyMHNlcm9ucyUyMHJhdmlzJTIwZCUyN2V4cGxvcmVyJTIwdm90cmUlMjBzaXR1YXRpb24lMjBpbmRpdmlkdWVsbGUlMjBhZmluJTIwZGUlMjBkJUMzJUE5dGVybWluZXIlMjB1biUyMG1vZHVzJTIwb3BlcmFuZGklMjBxdWklMjB2b3VzJTIwY29udmllbm5lJTIwYXUlMjBtaWV1eC4lMjBEYW5zJTIwdW4lMjBzb3VjaSUyMGRlJTIwdHJhbnNwYXJlbmNlJTJDJTIwbm91cyUyMHNlcm9ucyUyMHBhciUyMGFpbGxldXJzJTIwcmF2aXMlMjBkZSUyMHZvdXMlMjBtZXR0cmUlMjBlbiUyMHJlbGF0aW9uJTIwZGlyZWN0ZSUyMGF2ZWMlMjBsZXMlMjBwcm9wcmklQzMlQTl0YWlyZXMlMjBxdWUlMjBub3VzJTIwcmVwciVDMyVBOXNlbnRvbnMlMjBhZmluJTIwcXVlJTIwdm91cyUyMHB1aXNzaWV6JTIwbWlldXglMjBkJUMzJUE5Y291dnJpciUyMGNvbW1lbnQlMjBub3VzJTIwdHJhdmFpbGxvbnMuJTNDJTJGcCUzRSUwQQ==[\/vc_raw_html][\/vc_column][vc_column width=\u00a0\u00bb1\/2&Prime; css=\u00a0\u00bb.vc_custom_1536314716890{background-image: url(https:\/\/haute-collection.com\/_files\/uploads\/2018\/06\/self-catered.jpg?id=74) !important;background-position: center !important;background-repeat: no-repeat !important;background-size: cover !important;}\u00a0\u00bb][vc_empty_space height=\u00a0\u00bb500px\u00a0\u00bb][\/vc_column][\/vc_row][vc_row full_width=\u00a0\u00bbstretch_row\u00a0\u00bb gap=\u00a0\u00bb35&Prime; equal_height=\u00a0\u00bbyes\u00a0\u00bb content_placement=\u00a0\u00bbmiddle\u00a0\u00bb css=\u00a0\u00bb.vc_custom_1536317350983{padding-top: 60px !important;padding-right: 15% !important;padding-bottom: 60px !important;padding-left: 15% !important;background-color: #ececec !important;}\u00a0\u00bb][vc_column width=\u00a0\u00bb1\/3&Prime; css=\u00a0\u00bb.vc_custom_1536317665725{border-bottom-width: 3px !important;padding-top: 40px !important;padding-right: 40px !important;padding-bottom: 20px !important;padding-left: 40px !important;background: #ffffff url(https:\/\/haute-collection.com\/_files\/uploads\/2018\/09\/quote-bg2.png?id=244) !important;background-position: 0 0 !important;background-repeat: no-repeat !important;border-bottom-color: #dba51f !important;border-bottom-style: solid !important;}\u00a0\u00bb][vc_column_text el_class=\u00a0\u00bbletterspacing-0&Prime;]<\/p>\n<p style=\"text-align: center;\">D\u00e8s le premier instant o\u00f9 nous sommes entr\u00e9s dans le chalet, nous avons \u00e9t\u00e9 s\u00e9duits par le magnifique design et l&rsquo;acceuil parfait. Alex et son \u00e9quipe se sont assur\u00e9s que nous avions tout ce dont nous avions besoin et ne manquions de rien. Le chalet est magnifique, tr\u00e8s luxueux et tr\u00e8s confortable pour 12 personnes. Nous serions ravis de revenir.<\/p>\n<p>[\/vc_column_text][vc_custom_heading text=\u00a0\u00bbDES VACANCES AU SKI PARFAITES\u00a0\u00bb font_container=\u00a0\u00bbtag:h4|text_align:center\u00a0\u00bb google_fonts=\u00a0\u00bbfont_family:Roboto%3A100%2C100italic%2C300%2C300italic%2Cregular%2Citalic%2C500%2C500italic%2C700%2C700italic%2C900%2C900italic|font_style:500%20bold%20regular%3A500%3Anormal\u00a0\u00bb][\/vc_column][vc_column width=\u00a0\u00bb1\/3&Prime; css=\u00a0\u00bb.vc_custom_1536317676844{border-bottom-width: 3px !important;padding-top: 40px !important;padding-right: 40px !important;padding-bottom: 20px !important;padding-left: 40px !important;background: #ffffff url(https:\/\/haute-collection.com\/_files\/uploads\/2018\/09\/quote-bg2.png?id=244) !important;background-position: 0 0 !important;background-repeat: no-repeat !important;border-bottom-color: #dba51f !important;border-bottom-style: solid !important;}\u00a0\u00bb][vc_column_text el_class=\u00a0\u00bbletterspacing-0&Prime;]<\/p>\n<p style=\"text-align: center;\">La propri\u00e9t\u00e9 est magnifique, avec une belle attention aux d\u00e9tails et une atmosph\u00e8re chaleureuse. Les vues sont magnifiques et le personnel en charge de la villa a \u00e9t\u00e9 tr\u00e8s attentif \u00e0 chaque demande que nous avions.<\/p>\n<p>[\/vc_column_text][vc_custom_heading text=\u00a0\u00bbDEEMA &#8211; ARABIE SAOUDITE\u00a0\u00bb font_container=\u00a0\u00bbtag:h4|text_align:center\u00a0\u00bb google_fonts=\u00a0\u00bbfont_family:Roboto%3A100%2C100italic%2C300%2C300italic%2Cregular%2Citalic%2C500%2C500italic%2C700%2C700italic%2C900%2C900italic|font_style:500%20bold%20regular%3A500%3Anormal\u00a0\u00bb][\/vc_column][vc_column width=\u00a0\u00bb1\/3&Prime; css=\u00a0\u00bb.vc_custom_1536317684860{border-bottom-width: 3px !important;padding-top: 40px !important;padding-right: 40px !important;padding-bottom: 20px !important;padding-left: 40px !important;background: #ffffff url(https:\/\/haute-collection.com\/_files\/uploads\/2018\/09\/quote-bg2.png?id=244) !important;background-position: 0 0 !important;background-repeat: no-repeat !important;border-bottom-color: #dba51f !important;border-bottom-style: solid !important;}\u00a0\u00bb][vc_column_text el_class=\u00a0\u00bbletterspacing-0&Prime;]<\/p>\n<p style=\"text-align: center;\">Au-del\u00e0 de nos attentes. Merci beaucoup \u00e0 toute l&rsquo;\u00e9quipe de Haute Collection pour les superbes vacances que nous avons eues.<\/p>\n<p>[\/vc_column_text][vc_custom_heading text=\u00a0\u00bbIURI &#8211; BRESIL\u00a0\u00bb font_container=\u00a0\u00bbtag:h4|text_align:center\u00a0\u00bb google_fonts=\u00a0\u00bbfont_family:Roboto%3A100%2C100italic%2C300%2C300italic%2Cregular%2Citalic%2C500%2C500italic%2C700%2C700italic%2C900%2C900italic|font_style:500%20bold%20regular%3A500%3Anormal\u00a0\u00bb][\/vc_column][\/vc_row]<\/p>\n<!-- AddThis Advanced Settings generic via filter on the_content --><!-- AddThis Share Buttons generic via filter on the_content -->","protected":false},"excerpt":{"rendered":"<p>[vc_row content_placement=\u00a0\u00bbmiddle\u00a0\u00bb][vc_column][vc_empty_space height=\u00a0\u00bb30px\u00a0\u00bb][vc_column_text el_class=\u00a0\u00bbletterspacing-0&Prime;] Gestion de Chalets de Luxe \u00e0 Chamonix, Saint-Gervais et Meg\u00e8ve \u00a0 Haute Collection est une soci\u00e9t\u00e9 enregistr\u00e9e au Royaume-Uni op\u00e9rant en France, avec plus de 10 ans d&rsquo;exp\u00e9rience dans dans la gestion de chalets de luxe dans la vall\u00e9e de\u00a0Chamonix\u00a0et\u00a0Meg\u00e8ve. Notre\u00a0portefeuille unique vous offre certains des chalets les plus exclusifs et [&hellip;]<!-- AddThis Advanced Settings generic via filter on get_the_excerpt --><!-- AddThis Share Buttons generic via filter on get_the_excerpt --><\/p>\n","protected":false},"author":3,"featured_media":0,"parent":0,"menu_order":0,"comment_status":"closed","ping_status":"closed","template":"","meta":{"footnotes":""},"class_list":["post-1414","page","type-page","status-publish","hentry"],"yoast_head":"<!-- This site is optimized with the Yoast SEO plugin v23.2 - https:\/\/yoast.com\/wordpress\/plugins\/seo\/ -->\n<title>Gestion Chalets de Luxe Chamonix | A propos | Haute Collection<\/title>\n<meta name=\"description\" content=\"Gestion de Chalets de Luxe Chamonix. Haute Collection propose la gestion de chalets toute l&#039;ann\u00e9e, avec des activit\u00e9s sur mesure pour les vacances d&#039;hiver et d&#039;\u00e9t\u00e9.\" \/>\n<meta name=\"robots\" content=\"index, follow, max-snippet:-1, max-image-preview:large, max-video-preview:-1\" \/>\n<link rel=\"canonical\" href=\"https:\/\/haute-collection.com\/fr\/a-propos-de-haute-collection\/\" \/>\n<meta property=\"og:locale\" content=\"fr_FR\" \/>\n<meta property=\"og:type\" content=\"article\" \/>\n<meta property=\"og:title\" content=\"Gestion Chalets de Luxe Chamonix | A propos | Haute Collection\" \/>\n<meta property=\"og:description\" content=\"Gestion de Chalets de Luxe Chamonix. Haute Collection propose la gestion de chalets toute l&#039;ann\u00e9e, avec des activit\u00e9s sur mesure pour les vacances d&#039;hiver et d&#039;\u00e9t\u00e9.\" \/>\n<meta property=\"og:url\" content=\"https:\/\/haute-collection.com\/fr\/a-propos-de-haute-collection\/\" \/>\n<meta property=\"og:site_name\" content=\"Haute Collection\" \/>\n<meta property=\"article:publisher\" content=\"https:\/\/www.facebook.com\/hautecollectionchamonix\/\" \/>\n<meta property=\"article:modified_time\" content=\"2023-06-05T12:25:21+00:00\" \/>\n<meta property=\"og:image\" content=\"https:\/\/haute-collection.com\/_files\/uploads\/2018\/11\/hc-og-logo-dark-1080x1080-1.png\" \/>\n\t<meta property=\"og:image:width\" content=\"1080\" \/>\n\t<meta property=\"og:image:height\" content=\"1080\" \/>\n\t<meta property=\"og:image:type\" content=\"image\/png\" \/>\n<meta name=\"twitter:card\" content=\"summary_large_image\" \/>\n<meta name=\"twitter:label1\" content=\"Dur\u00e9e de lecture estim\u00e9e\" \/>\n\t<meta name=\"twitter:data1\" content=\"5 minutes\" \/>\n<script type=\"application\/ld+json\" class=\"yoast-schema-graph\">{\"@context\":\"https:\/\/schema.org\",\"@graph\":[{\"@type\":\"WebPage\",\"@id\":\"https:\/\/haute-collection.com\/fr\/a-propos-de-haute-collection\/\",\"url\":\"https:\/\/haute-collection.com\/fr\/a-propos-de-haute-collection\/\",\"name\":\"Gestion Chalets de Luxe Chamonix | A propos | Haute Collection\",\"isPartOf\":{\"@id\":\"https:\/\/haute-collection.com\/fr\/#website\"},\"datePublished\":\"2020-05-26T10:16:08+00:00\",\"dateModified\":\"2023-06-05T12:25:21+00:00\",\"description\":\"Gestion de Chalets de Luxe Chamonix. Haute Collection propose la gestion de chalets toute l'ann\u00e9e, avec des activit\u00e9s sur mesure pour les vacances d'hiver et d'\u00e9t\u00e9.\",\"breadcrumb\":{\"@id\":\"https:\/\/haute-collection.com\/fr\/a-propos-de-haute-collection\/#breadcrumb\"},\"inLanguage\":\"fr-FR\",\"potentialAction\":[{\"@type\":\"ReadAction\",\"target\":[\"https:\/\/haute-collection.com\/fr\/a-propos-de-haute-collection\/\"]}]},{\"@type\":\"BreadcrumbList\",\"@id\":\"https:\/\/haute-collection.com\/fr\/a-propos-de-haute-collection\/#breadcrumb\",\"itemListElement\":[{\"@type\":\"ListItem\",\"position\":1,\"name\":\"Home\",\"item\":\"https:\/\/haute-collection.com\/fr\/\"},{\"@type\":\"ListItem\",\"position\":2,\"name\":\"\u00c0 propos\"}]},{\"@type\":\"WebSite\",\"@id\":\"https:\/\/haute-collection.com\/fr\/#website\",\"url\":\"https:\/\/haute-collection.com\/fr\/\",\"name\":\"Haute Collection\",\"description\":\"Luxury Chalets in Chamonix &amp; Meg\u00e8ve\",\"potentialAction\":[{\"@type\":\"SearchAction\",\"target\":{\"@type\":\"EntryPoint\",\"urlTemplate\":\"https:\/\/haute-collection.com\/fr\/?s={search_term_string}\"},\"query-input\":\"required name=search_term_string\"}],\"inLanguage\":\"fr-FR\"}]}<\/script>\n<!-- \/ Yoast SEO plugin. -->","yoast_head_json":{"title":"Gestion Chalets de Luxe Chamonix | A propos | Haute Collection","description":"Gestion de Chalets de Luxe Chamonix. Haute Collection propose la gestion de chalets toute l'ann\u00e9e, avec des activit\u00e9s sur mesure pour les vacances d'hiver et d'\u00e9t\u00e9.","robots":{"index":"index","follow":"follow","max-snippet":"max-snippet:-1","max-image-preview":"max-image-preview:large","max-video-preview":"max-video-preview:-1"},"canonical":"https:\/\/haute-collection.com\/fr\/a-propos-de-haute-collection\/","og_locale":"fr_FR","og_type":"article","og_title":"Gestion Chalets de Luxe Chamonix | A propos | Haute Collection","og_description":"Gestion de Chalets de Luxe Chamonix. Haute Collection propose la gestion de chalets toute l'ann\u00e9e, avec des activit\u00e9s sur mesure pour les vacances d'hiver et d'\u00e9t\u00e9.","og_url":"https:\/\/haute-collection.com\/fr\/a-propos-de-haute-collection\/","og_site_name":"Haute Collection","article_publisher":"https:\/\/www.facebook.com\/hautecollectionchamonix\/","article_modified_time":"2023-06-05T12:25:21+00:00","og_image":[{"width":1080,"height":1080,"url":"https:\/\/haute-collection.com\/_files\/uploads\/2018\/11\/hc-og-logo-dark-1080x1080-1.png","type":"image\/png"}],"twitter_card":"summary_large_image","twitter_misc":{"Dur\u00e9e de lecture estim\u00e9e":"5 minutes"},"schema":{"@context":"https:\/\/schema.org","@graph":[{"@type":"WebPage","@id":"https:\/\/haute-collection.com\/fr\/a-propos-de-haute-collection\/","url":"https:\/\/haute-collection.com\/fr\/a-propos-de-haute-collection\/","name":"Gestion Chalets de Luxe Chamonix | A propos | Haute Collection","isPartOf":{"@id":"https:\/\/haute-collection.com\/fr\/#website"},"datePublished":"2020-05-26T10:16:08+00:00","dateModified":"2023-06-05T12:25:21+00:00","description":"Gestion de Chalets de Luxe Chamonix. Haute Collection propose la gestion de chalets toute l'ann\u00e9e, avec des activit\u00e9s sur mesure pour les vacances d'hiver et d'\u00e9t\u00e9.","breadcrumb":{"@id":"https:\/\/haute-collection.com\/fr\/a-propos-de-haute-collection\/#breadcrumb"},"inLanguage":"fr-FR","potentialAction":[{"@type":"ReadAction","target":["https:\/\/haute-collection.com\/fr\/a-propos-de-haute-collection\/"]}]},{"@type":"BreadcrumbList","@id":"https:\/\/haute-collection.com\/fr\/a-propos-de-haute-collection\/#breadcrumb","itemListElement":[{"@type":"ListItem","position":1,"name":"Home","item":"https:\/\/haute-collection.com\/fr\/"},{"@type":"ListItem","position":2,"name":"\u00c0 propos"}]},{"@type":"WebSite","@id":"https:\/\/haute-collection.com\/fr\/#website","url":"https:\/\/haute-collection.com\/fr\/","name":"Haute Collection","description":"Luxury Chalets in Chamonix &amp; Meg\u00e8ve","potentialAction":[{"@type":"SearchAction","target":{"@type":"EntryPoint","urlTemplate":"https:\/\/haute-collection.com\/fr\/?s={search_term_string}"},"query-input":"required name=search_term_string"}],"inLanguage":"fr-FR"}]}},"_links":{"self":[{"href":"https:\/\/haute-collection.com\/fr\/wp-json\/wp\/v2\/pages\/1414"}],"collection":[{"href":"https:\/\/haute-collection.com\/fr\/wp-json\/wp\/v2\/pages"}],"about":[{"href":"https:\/\/haute-collection.com\/fr\/wp-json\/wp\/v2\/types\/page"}],"author":[{"embeddable":true,"href":"https:\/\/haute-collection.com\/fr\/wp-json\/wp\/v2\/users\/3"}],"replies":[{"embeddable":true,"href":"https:\/\/haute-collection.com\/fr\/wp-json\/wp\/v2\/comments?post=1414"}],"version-history":[{"count":13,"href":"https:\/\/haute-collection.com\/fr\/wp-json\/wp\/v2\/pages\/1414\/revisions"}],"predecessor-version":[{"id":1600,"href":"https:\/\/haute-collection.com\/fr\/wp-json\/wp\/v2\/pages\/1414\/revisions\/1600"}],"wp:attachment":[{"href":"https:\/\/haute-collection.com\/fr\/wp-json\/wp\/v2\/media?parent=1414"}],"curies":[{"name":"wp","href":"https:\/\/api.w.org\/{rel}","templated":true}]}}