{"id":1440,"date":"2020-05-26T20:56:51","date_gmt":"2020-05-26T18:56:51","guid":{"rendered":"https:\/\/haute-collection.com\/?page_id=1440"},"modified":"2020-11-17T15:54:48","modified_gmt":"2020-11-17T14:54:48","slug":"notre-portefeuille","status":"publish","type":"page","link":"https:\/\/haute-collection.com\/fr\/notre-portefeuille\/","title":{"rendered":"Chalets De Luxe"},"content":{"rendered":"<h3 style=\"text-align: center;\"><strong>Chalets de luxe au pied du Mont-Blanc<\/strong><\/h3>\n<p>&nbsp;<\/p>\n<p style=\"text-align: left;\">Haute Collection est un op\u00e9rateur de chalets de luxe offrant \u00e0 sa client\u00e8le la plus exigeante un portefeuille de propri\u00e9t\u00e9s de luxe dans la vall\u00e9e de Chamonix Mont-Blanc, \u00e0 Saint-Gervais et \u00e0 Meg\u00e8ve. Chacun de nos chalets est une propri\u00e9t\u00e9 unique qui a \u00e9t\u00e9 s\u00e9lectionn\u00e9e apr\u00e8s longue reflexion pour ses caract\u00e9ristiques exceptionnelles, ses \u00e9quipements \u00e0 la pointe de la technologie, son design et son confort.<\/p>\n<p style=\"text-align: left;\">Chacun de nos chalet sont \u00e9quip\u00e9s d&rsquo;une vari\u00e9t\u00e9 d&rsquo;installations incluant spa priv\u00e9s qui parfois avec une piscine, salle de massage, hammam, sauna, salle de fitness, jacuzzi etc., permettant \u00e0 nos clients de se d\u00e9tendre apr\u00e8s une journ\u00e9e en montagne. La plupart de nos chalets sont aussi \u00e9quip\u00e9s de syst\u00e8mes audio haut de gamme, d&rsquo;un home-cin\u00e9ma ou d&rsquo;une salle de jeux permettant \u00e0 nos clients de tous \u00e2ges et int\u00e9r\u00eats de passer des moments inoubliables.<\/p>\n<p style=\"text-align: left;\">Nous sommes fiers de pouvoir offrir \u00e0 tous nos clients un niveau de service incomparables ou chaque client est assur\u00e9 d&rsquo;une exp\u00e9rience de luxe in\u00e9gal\u00e9, en ligne avec ses attentes et besoins uniques. \u00c0 ce titre, en fonction du niveau de service choisi par le client, chacun de nos chalets peut \u00eatre dot\u00e9 de sa propre \u00e9quipe, comprenant un responsable du chalet, une h\u00f4tesse, un chef \u00e0 domicile, un chauffeur priv\u00e9, du personnel d&rsquo;entretien m\u00e9nager. Bien s\u00fbr, \u00e0 Haute Collection, nous savons que chaque client est unique et nous sommes fiers de cr\u00e9er une exp\u00e9rience sur mesure totalement personnalis\u00e9e pour chacun de nos clients. D\u00e8s nos premiers \u00e9changes sur votre s\u00e9jour et jusqu&rsquo;\u00e0 votre accueil dans au pied du Mont-Blanc, nous serons pr\u00e9sents pour vous aider \u00e0 pr\u00e9parer un s\u00e9jour unique dont vous vous souviendrez pour longtemps.<\/p>\n<p style=\"text-align: left;\">Prenez le temps pour d&rsquo;explorer notre site internet et de d\u00e9couvrir notre s\u00e9lection de chalets et contactez notre \u00e9quipe pour discuter de vos besoins personnels afin de nous permettre de cr\u00e9er la meilleure exp\u00e9rience possible pour vous et vos invit\u00e9s.\/p&gt;<\/p>\n<p style=\"text-align: left;\">\n<!-- AddThis Advanced Settings generic via filter on the_content --><!-- AddThis Share Buttons generic via filter on the_content -->","protected":false},"excerpt":{"rendered":"<p>Chalets de luxe au pied du Mont-Blanc &nbsp; Haute Collection est un op\u00e9rateur de chalets de luxe offrant \u00e0 sa client\u00e8le la plus exigeante un portefeuille de propri\u00e9t\u00e9s de luxe dans la vall\u00e9e de Chamonix Mont-Blanc, \u00e0 Saint-Gervais et \u00e0 Meg\u00e8ve. Chacun de nos chalets est une propri\u00e9t\u00e9 unique qui a \u00e9t\u00e9 s\u00e9lectionn\u00e9e apr\u00e8s longue [&hellip;]<!-- AddThis Advanced Settings generic via filter on get_the_excerpt --><!-- AddThis Share Buttons generic via filter on get_the_excerpt --><\/p>\n","protected":false},"author":3,"featured_media":0,"parent":0,"menu_order":0,"comment_status":"closed","ping_status":"closed","template":"templates\/page-our-portfolio.php","meta":{"footnotes":""},"class_list":["post-1440","page","type-page","status-publish","hentry"],"yoast_head":"<!-- This site is optimized with the Yoast SEO plugin v23.2 - https:\/\/yoast.com\/wordpress\/plugins\/seo\/ -->\n<title>Chalets de luxe Chamonix Mont-Blanc | Megeve | Haute Collection<\/title>\n<meta name=\"description\" content=\"notre portfolio de chalets de luxe a Chamonix et Megeve. les chalets haute de gamme pour vancances \u00e9t\u00e9 meme hiver dans les alpes.\" \/>\n<meta name=\"robots\" content=\"index, follow, max-snippet:-1, max-image-preview:large, max-video-preview:-1\" \/>\n<link rel=\"canonical\" href=\"https:\/\/haute-collection.com\/fr\/notre-portefeuille\/\" \/>\n<meta property=\"og:locale\" content=\"fr_FR\" \/>\n<meta property=\"og:type\" content=\"article\" \/>\n<meta property=\"og:title\" content=\"Chalets de luxe Chamonix Mont-Blanc | Megeve | Haute Collection\" \/>\n<meta property=\"og:description\" content=\"notre portfolio de chalets de luxe a Chamonix et Megeve. les chalets haute de gamme pour vancances \u00e9t\u00e9 meme hiver dans les alpes.\" \/>\n<meta property=\"og:url\" content=\"https:\/\/haute-collection.com\/fr\/notre-portefeuille\/\" \/>\n<meta property=\"og:site_name\" content=\"Haute Collection\" \/>\n<meta property=\"article:publisher\" content=\"https:\/\/www.facebook.com\/hautecollectionchamonix\/\" \/>\n<meta property=\"article:modified_time\" content=\"2020-11-17T14:54:48+00:00\" \/>\n<meta property=\"og:image\" content=\"https:\/\/haute-collection.com\/_files\/uploads\/2018\/11\/hc-og-logo-dark-1080x1080-1.png\" \/>\n\t<meta property=\"og:image:width\" content=\"1080\" \/>\n\t<meta property=\"og:image:height\" content=\"1080\" \/>\n\t<meta property=\"og:image:type\" content=\"image\/png\" \/>\n<meta name=\"twitter:card\" content=\"summary_large_image\" \/>\n<meta name=\"twitter:label1\" content=\"Dur\u00e9e de lecture estim\u00e9e\" \/>\n\t<meta name=\"twitter:data1\" content=\"2 minutes\" \/>\n<script type=\"application\/ld+json\" class=\"yoast-schema-graph\">{\"@context\":\"https:\/\/schema.org\",\"@graph\":[{\"@type\":\"WebPage\",\"@id\":\"https:\/\/haute-collection.com\/fr\/notre-portefeuille\/\",\"url\":\"https:\/\/haute-collection.com\/fr\/notre-portefeuille\/\",\"name\":\"Chalets de luxe Chamonix Mont-Blanc | Megeve | Haute Collection\",\"isPartOf\":{\"@id\":\"https:\/\/haute-collection.com\/fr\/#website\"},\"datePublished\":\"2020-05-26T18:56:51+00:00\",\"dateModified\":\"2020-11-17T14:54:48+00:00\",\"description\":\"notre portfolio de chalets de luxe a Chamonix et Megeve. les chalets haute de gamme pour vancances \u00e9t\u00e9 meme hiver dans les alpes.\",\"breadcrumb\":{\"@id\":\"https:\/\/haute-collection.com\/fr\/notre-portefeuille\/#breadcrumb\"},\"inLanguage\":\"fr-FR\",\"potentialAction\":[{\"@type\":\"ReadAction\",\"target\":[\"https:\/\/haute-collection.com\/fr\/notre-portefeuille\/\"]}]},{\"@type\":\"BreadcrumbList\",\"@id\":\"https:\/\/haute-collection.com\/fr\/notre-portefeuille\/#breadcrumb\",\"itemListElement\":[{\"@type\":\"ListItem\",\"position\":1,\"name\":\"Home\",\"item\":\"https:\/\/haute-collection.com\/fr\/\"},{\"@type\":\"ListItem\",\"position\":2,\"name\":\"Chalets De Luxe\"}]},{\"@type\":\"WebSite\",\"@id\":\"https:\/\/haute-collection.com\/fr\/#website\",\"url\":\"https:\/\/haute-collection.com\/fr\/\",\"name\":\"Haute Collection\",\"description\":\"Luxury Chalets in Chamonix &amp; Meg\u00e8ve\",\"potentialAction\":[{\"@type\":\"SearchAction\",\"target\":{\"@type\":\"EntryPoint\",\"urlTemplate\":\"https:\/\/haute-collection.com\/fr\/?s={search_term_string}\"},\"query-input\":\"required name=search_term_string\"}],\"inLanguage\":\"fr-FR\"}]}<\/script>\n<!-- \/ Yoast SEO plugin. -->","yoast_head_json":{"title":"Chalets de luxe Chamonix Mont-Blanc | Megeve | Haute Collection","description":"notre portfolio de chalets de luxe a Chamonix et Megeve. les chalets haute de gamme pour vancances \u00e9t\u00e9 meme hiver dans les alpes.","robots":{"index":"index","follow":"follow","max-snippet":"max-snippet:-1","max-image-preview":"max-image-preview:large","max-video-preview":"max-video-preview:-1"},"canonical":"https:\/\/haute-collection.com\/fr\/notre-portefeuille\/","og_locale":"fr_FR","og_type":"article","og_title":"Chalets de luxe Chamonix Mont-Blanc | Megeve | Haute Collection","og_description":"notre portfolio de chalets de luxe a Chamonix et Megeve. les chalets haute de gamme pour vancances \u00e9t\u00e9 meme hiver dans les alpes.","og_url":"https:\/\/haute-collection.com\/fr\/notre-portefeuille\/","og_site_name":"Haute Collection","article_publisher":"https:\/\/www.facebook.com\/hautecollectionchamonix\/","article_modified_time":"2020-11-17T14:54:48+00:00","og_image":[{"width":1080,"height":1080,"url":"https:\/\/haute-collection.com\/_files\/uploads\/2018\/11\/hc-og-logo-dark-1080x1080-1.png","type":"image\/png"}],"twitter_card":"summary_large_image","twitter_misc":{"Dur\u00e9e de lecture estim\u00e9e":"2 minutes"},"schema":{"@context":"https:\/\/schema.org","@graph":[{"@type":"WebPage","@id":"https:\/\/haute-collection.com\/fr\/notre-portefeuille\/","url":"https:\/\/haute-collection.com\/fr\/notre-portefeuille\/","name":"Chalets de luxe Chamonix Mont-Blanc | Megeve | Haute Collection","isPartOf":{"@id":"https:\/\/haute-collection.com\/fr\/#website"},"datePublished":"2020-05-26T18:56:51+00:00","dateModified":"2020-11-17T14:54:48+00:00","description":"notre portfolio de chalets de luxe a Chamonix et Megeve. les chalets haute de gamme pour vancances \u00e9t\u00e9 meme hiver dans les alpes.","breadcrumb":{"@id":"https:\/\/haute-collection.com\/fr\/notre-portefeuille\/#breadcrumb"},"inLanguage":"fr-FR","potentialAction":[{"@type":"ReadAction","target":["https:\/\/haute-collection.com\/fr\/notre-portefeuille\/"]}]},{"@type":"BreadcrumbList","@id":"https:\/\/haute-collection.com\/fr\/notre-portefeuille\/#breadcrumb","itemListElement":[{"@type":"ListItem","position":1,"name":"Home","item":"https:\/\/haute-collection.com\/fr\/"},{"@type":"ListItem","position":2,"name":"Chalets De Luxe"}]},{"@type":"WebSite","@id":"https:\/\/haute-collection.com\/fr\/#website","url":"https:\/\/haute-collection.com\/fr\/","name":"Haute Collection","description":"Luxury Chalets in Chamonix &amp; Meg\u00e8ve","potentialAction":[{"@type":"SearchAction","target":{"@type":"EntryPoint","urlTemplate":"https:\/\/haute-collection.com\/fr\/?s={search_term_string}"},"query-input":"required name=search_term_string"}],"inLanguage":"fr-FR"}]}},"_links":{"self":[{"href":"https:\/\/haute-collection.com\/fr\/wp-json\/wp\/v2\/pages\/1440"}],"collection":[{"href":"https:\/\/haute-collection.com\/fr\/wp-json\/wp\/v2\/pages"}],"about":[{"href":"https:\/\/haute-collection.com\/fr\/wp-json\/wp\/v2\/types\/page"}],"author":[{"embeddable":true,"href":"https:\/\/haute-collection.com\/fr\/wp-json\/wp\/v2\/users\/3"}],"replies":[{"embeddable":true,"href":"https:\/\/haute-collection.com\/fr\/wp-json\/wp\/v2\/comments?post=1440"}],"version-history":[{"count":13,"href":"https:\/\/haute-collection.com\/fr\/wp-json\/wp\/v2\/pages\/1440\/revisions"}],"predecessor-version":[{"id":1614,"href":"https:\/\/haute-collection.com\/fr\/wp-json\/wp\/v2\/pages\/1440\/revisions\/1614"}],"wp:attachment":[{"href":"https:\/\/haute-collection.com\/fr\/wp-json\/wp\/v2\/media?parent=1440"}],"curies":[{"name":"wp","href":"https:\/\/api.w.org\/{rel}","templated":true}]}}