{"id":1447,"date":"2020-05-27T17:49:45","date_gmt":"2020-05-27T15:49:45","guid":{"rendered":"https:\/\/haute-collection.com\/?page_id=1447"},"modified":"2020-07-03T13:08:08","modified_gmt":"2020-07-03T11:08:08","slug":"chamonix-mont-blanc","status":"publish","type":"page","link":"https:\/\/haute-collection.com\/fr\/nos-stations\/chamonix-mont-blanc\/","title":{"rendered":"Chamonix Mont-Blanc"},"content":{"rendered":"<p style=\"text-align: left;\">Chamonix Valley<\/p>\n<p>La vall\u00e9e de Chamonix est un domaine skiable vraiment unique dans les Alpes. Contrairement \u00e0 de nombreuses autres stations, <a href=\"https:\/\/www.chamonix.com\/\" target=\"_blank\" rel=\"noopener noreferrer\">Chamonix<\/a> n&rsquo;est pas une station sp\u00e9cialement con\u00e7ue et construite pour des vacances au ski. Cette charmante ville traditionnelle a toujours \u00e9t\u00e9 une ville pleinement op\u00e9rationnelle ouverte et active tout au long de l&rsquo;ann\u00e9e. Chamonix est c\u00e9l\u00e8bre pour \u00eatre le berceau de l&rsquo;alpinisme et des activit\u00e9s alpines en Europe.<\/p>\n<p>Le domaine skiable de la vall\u00e9e de Chamonix b\u00e9n\u00e9ficie d&rsquo;un ski sur versants nord et sud de la vall\u00e9e ainsi qu&rsquo;un domaine skiable \u00e0 chaque extr\u00e9mit\u00e9 de la vall\u00e9e. La vall\u00e9e mesure 23 km de long et 2 km de large.<\/p>\n<p>Skier \u00e0 Chamonix<\/p>\n<p>Skier \u00e0 Chamonix est une exp\u00e9rience unique pour tous les types de skieurs, d\u00e9butants et confirm\u00e9s. Un acc\u00e8s \u00e0 non moins de 5 <a href=\"https:\/\/www.chamonix.com\/skis-areas,22,en.html\" target=\"_blank\" rel=\"noopener noreferrer\">domaines skiables<\/a> incluant un acc\u00e8s au plus fameux itin\u00e9raire de haute montagne, la tr\u00e8s c\u00e9l\u00e8bre <a href=\"https:\/\/www.chamonix.com\/la-vallee-blanche,26-714899,en.html\" target=\"_blank\" rel=\"noopener noreferrer\">Vall\u00e9e Blanche<\/a>, ainsi que la fameuse station de ski italienne <a href=\"https:\/\/www.courmayeurmontblanc.it\" target=\"_blank\" rel=\"noopener noreferrer\">Courmayeur<\/a>. Pour les skieurs les plus exp\u00e9riment\u00e9s, Chamonix est internationalement reconnu en raison de sa facilit\u00e9 d&rsquo;acc\u00e8s au ski hors-piste. Cependant, il existe un tr\u00e8s grand nombre de choix de pistes pour les skieurs interm\u00e9diaires et d\u00e9butants. Les Houches, Balme et Courmayeur offrent la plus grande vari\u00e9t\u00e9 de terrain pour tous les skieurs. Pour les skieurs confirm\u00e9s, les domaines des Grands Montets et de la Vall\u00e9e Blanche sont incontournables. La station des Grands Montets est connue pour \u00eatre l&rsquo;une des meilleures stations de freeride et de ski hors piste des Alpes. De nombreux visiteurs s&rsquo;y rendent en provenance du monde entier pour avoir la possibilit\u00e9 de skier dans cette fantastique station. Les Grands Montets offrent plus de 2 000 m de d\u00e9nivel\u00e9 vertical r\u00e9parti sur trois immenses combes et bien sur, un acc\u00e8s au tr\u00e8s pittoresque glacier d&rsquo;Argenti\u00e8re.<\/p>\n<p>La Vall\u00e9e Blanche<\/p>\n<p>Le domaine de la Vall\u00e9e Blanche poss\u00e8de la plus grande descente verticale desservie par une remont\u00e9e m\u00e9canique au monde, avec 2 807 m\u00e8tres. L&rsquo;itin\u00e9raire couvre 22 km de haute montagne pour une exp\u00e9rience de ski sur glacier totalement unique. Il est vivement recommand\u00e9 de s&rsquo;y aventurer avec un guide de haute montagne. Cela est \u00e9galement recommand\u00e9 pour tous les autres itin\u00e9raires de ski \u00ab\u00a0hors-piste\u00a0\u00bbde la vall\u00e9e.<\/p>\n<p>Br\u00e9vent &amp; Fl\u00e9g\u00e8re<\/p>\n<p>Pour les skieurs interm\u00e9diaires et d\u00e9butants, Le domaine skiable de Br\u00e9vent et Fl\u00e9g\u00e8re est un excellent choix. Il offre de superbes pistes bien entretenues, une exposition plein sud et les vues panoramiques les plus incroyables et inoubliables des Alpes.<\/p>\n<p>Les Houches &amp; Le Tour<\/p>\n<p>\u00c0 chaque extr\u00e9mit\u00e9 de la vall\u00e9e, vous trouverez respectivement Les Houches et Balme (plus commun\u00e9ment appel\u00e9 Le Tour). Les Houches est le foyer de la Coupe du monde de ski de descente, la \u00ab\u00a0Kandahar\u00a0\u00bb et est une station de ski savoyarde tr\u00e8s traditionnelle avec beaucoup de charmants restaurants de montagne. Les Houches se trouve au niveau des arbres, ce qui la rend parfaite pour les jours de mauvais temps. Beaucoup de nos chalets de luxe s&rsquo;y situent et vous proposent un d\u00e9part et un retour skis aux pieds, \u00e9tant directement situ\u00e9s sur les belles pistes de ski des Houches. Il y a aussi un grand plateau au sommet qui offre des pentes douces pour les skieurs d\u00e9butants ainsi qu&rsquo;une boucle de ski de fond et des itin\u00e9raires de marche nordique et en raquette.<\/p>\n<p>Le Tour est \u00e9galement un domaine skiable convivial pour les skieurs d\u00e9butants ou interm\u00e9diaires avec de grandes pistes ouvertes au soleil. Il y est \u00e9galement possible de s&rsquo;initier au ski hors piste, mais de nouveau, cela est recommand\u00e9 pour les skieurs experts ou accompagn\u00e9s d&rsquo;un guide.<\/p>\n<p>Courmayeur<\/p>\n<p style=\"text-align: left;\">Le dernier domaine skiable \u00e0 mentionner est le domaine italien de Courmayeur, juste de l&rsquo;autre c\u00f4t\u00e9 du tunnel du Mont-Blanc. Vous y trouverez de fantastiques restaurants de montagne avec leurs terrasses ensoleill\u00e9es et transats vous offrant une atmosph\u00e8re conviviale diff\u00e9rente sous le soleil de la vall\u00e9e d&rsquo;Aoste. Courmayeur offre une grande vari\u00e9t\u00e9 de pistes, des restaurants de montagne fantastiques et saura satisfaire les skieurs de tous niveaux. Tout cela est inclus dans votre forfait de ski \u00ab\u00a0Mont Blanc Unlimited\u00a0\u00bb, vous offrant des zones vastes et vari\u00e9es \u00e0 explorer.<\/p>\n<p>&nbsp;<\/p>\n<!-- AddThis Advanced Settings generic via filter on the_content --><!-- AddThis Share Buttons generic via filter on the_content -->","protected":false},"excerpt":{"rendered":"<p>Chamonix Valley La vall\u00e9e de Chamonix est un domaine skiable vraiment unique dans les Alpes. Contrairement \u00e0 de nombreuses autres stations, Chamonix n&rsquo;est pas une station sp\u00e9cialement con\u00e7ue et construite pour des vacances au ski. Cette charmante ville traditionnelle a toujours \u00e9t\u00e9 une ville pleinement op\u00e9rationnelle ouverte et active tout au long de l&rsquo;ann\u00e9e. Chamonix [&hellip;]<!-- AddThis Advanced Settings generic via filter on get_the_excerpt --><!-- AddThis Share Buttons generic via filter on get_the_excerpt --><\/p>\n","protected":false},"author":3,"featured_media":0,"parent":1564,"menu_order":1,"comment_status":"closed","ping_status":"closed","template":"templates\/page-services-item.php","meta":{"footnotes":""},"class_list":["post-1447","page","type-page","status-publish","hentry"],"yoast_head":"<!-- This site is optimized with the Yoast SEO plugin v23.2 - https:\/\/yoast.com\/wordpress\/plugins\/seo\/ -->\n<title>Chamonix Mont-Blanc | Haute Collection<\/title>\n<meta name=\"description\" content=\"Luxury Ski chalets in Chamonix France. Ski holidays in the winter &amp; alpine holidays in the summer. Chamonix is a vibrant year round resort.\" \/>\n<meta name=\"robots\" content=\"index, follow, max-snippet:-1, max-image-preview:large, max-video-preview:-1\" \/>\n<link rel=\"canonical\" href=\"https:\/\/haute-collection.com\/fr\/nos-stations\/chamonix-mont-blanc\/\" \/>\n<meta property=\"og:locale\" content=\"fr_FR\" \/>\n<meta property=\"og:type\" content=\"article\" \/>\n<meta property=\"og:title\" content=\"Chamonix Mont-Blanc | Haute Collection\" \/>\n<meta property=\"og:description\" content=\"Luxury Ski chalets in Chamonix France. Ski holidays in the winter &amp; alpine holidays in the summer. Chamonix is a vibrant year round resort.\" \/>\n<meta property=\"og:url\" content=\"https:\/\/haute-collection.com\/fr\/nos-stations\/chamonix-mont-blanc\/\" \/>\n<meta property=\"og:site_name\" content=\"Haute Collection\" \/>\n<meta property=\"article:publisher\" content=\"https:\/\/www.facebook.com\/hautecollectionchamonix\/\" \/>\n<meta property=\"article:modified_time\" content=\"2020-07-03T11:08:08+00:00\" \/>\n<meta property=\"og:image\" content=\"https:\/\/haute-collection.com\/_files\/uploads\/2018\/11\/hc-og-logo-dark-1080x1080-1.png\" \/>\n\t<meta property=\"og:image:width\" content=\"1080\" \/>\n\t<meta property=\"og:image:height\" content=\"1080\" \/>\n\t<meta property=\"og:image:type\" content=\"image\/png\" \/>\n<meta name=\"twitter:card\" content=\"summary_large_image\" \/>\n<meta name=\"twitter:label1\" content=\"Dur\u00e9e de lecture estim\u00e9e\" \/>\n\t<meta name=\"twitter:data1\" content=\"4 minutes\" \/>\n<script type=\"application\/ld+json\" class=\"yoast-schema-graph\">{\"@context\":\"https:\/\/schema.org\",\"@graph\":[{\"@type\":\"WebPage\",\"@id\":\"https:\/\/haute-collection.com\/fr\/nos-stations\/chamonix-mont-blanc\/\",\"url\":\"https:\/\/haute-collection.com\/fr\/nos-stations\/chamonix-mont-blanc\/\",\"name\":\"Chamonix Mont-Blanc | Haute Collection\",\"isPartOf\":{\"@id\":\"https:\/\/haute-collection.com\/fr\/#website\"},\"datePublished\":\"2020-05-27T15:49:45+00:00\",\"dateModified\":\"2020-07-03T11:08:08+00:00\",\"description\":\"Luxury Ski chalets in Chamonix France. Ski holidays in the winter & alpine holidays in the summer. Chamonix is a vibrant year round resort.\",\"breadcrumb\":{\"@id\":\"https:\/\/haute-collection.com\/fr\/nos-stations\/chamonix-mont-blanc\/#breadcrumb\"},\"inLanguage\":\"fr-FR\",\"potentialAction\":[{\"@type\":\"ReadAction\",\"target\":[\"https:\/\/haute-collection.com\/fr\/nos-stations\/chamonix-mont-blanc\/\"]}]},{\"@type\":\"BreadcrumbList\",\"@id\":\"https:\/\/haute-collection.com\/fr\/nos-stations\/chamonix-mont-blanc\/#breadcrumb\",\"itemListElement\":[{\"@type\":\"ListItem\",\"position\":1,\"name\":\"Home\",\"item\":\"https:\/\/haute-collection.com\/fr\/\"},{\"@type\":\"ListItem\",\"position\":2,\"name\":\"Nos stations\",\"item\":\"https:\/\/haute-collection.com\/fr\/nos-stations\/\"},{\"@type\":\"ListItem\",\"position\":3,\"name\":\"Chamonix Mont-Blanc\"}]},{\"@type\":\"WebSite\",\"@id\":\"https:\/\/haute-collection.com\/fr\/#website\",\"url\":\"https:\/\/haute-collection.com\/fr\/\",\"name\":\"Haute Collection\",\"description\":\"Luxury Chalets in Chamonix &amp; Meg\u00e8ve\",\"potentialAction\":[{\"@type\":\"SearchAction\",\"target\":{\"@type\":\"EntryPoint\",\"urlTemplate\":\"https:\/\/haute-collection.com\/fr\/?s={search_term_string}\"},\"query-input\":\"required name=search_term_string\"}],\"inLanguage\":\"fr-FR\"}]}<\/script>\n<!-- \/ Yoast SEO plugin. -->","yoast_head_json":{"title":"Chamonix Mont-Blanc | Haute Collection","description":"Luxury Ski chalets in Chamonix France. Ski holidays in the winter & alpine holidays in the summer. Chamonix is a vibrant year round resort.","robots":{"index":"index","follow":"follow","max-snippet":"max-snippet:-1","max-image-preview":"max-image-preview:large","max-video-preview":"max-video-preview:-1"},"canonical":"https:\/\/haute-collection.com\/fr\/nos-stations\/chamonix-mont-blanc\/","og_locale":"fr_FR","og_type":"article","og_title":"Chamonix Mont-Blanc | Haute Collection","og_description":"Luxury Ski chalets in Chamonix France. Ski holidays in the winter & alpine holidays in the summer. Chamonix is a vibrant year round resort.","og_url":"https:\/\/haute-collection.com\/fr\/nos-stations\/chamonix-mont-blanc\/","og_site_name":"Haute Collection","article_publisher":"https:\/\/www.facebook.com\/hautecollectionchamonix\/","article_modified_time":"2020-07-03T11:08:08+00:00","og_image":[{"width":1080,"height":1080,"url":"https:\/\/haute-collection.com\/_files\/uploads\/2018\/11\/hc-og-logo-dark-1080x1080-1.png","type":"image\/png"}],"twitter_card":"summary_large_image","twitter_misc":{"Dur\u00e9e de lecture estim\u00e9e":"4 minutes"},"schema":{"@context":"https:\/\/schema.org","@graph":[{"@type":"WebPage","@id":"https:\/\/haute-collection.com\/fr\/nos-stations\/chamonix-mont-blanc\/","url":"https:\/\/haute-collection.com\/fr\/nos-stations\/chamonix-mont-blanc\/","name":"Chamonix Mont-Blanc | Haute Collection","isPartOf":{"@id":"https:\/\/haute-collection.com\/fr\/#website"},"datePublished":"2020-05-27T15:49:45+00:00","dateModified":"2020-07-03T11:08:08+00:00","description":"Luxury Ski chalets in Chamonix France. Ski holidays in the winter & alpine holidays in the summer. Chamonix is a vibrant year round resort.","breadcrumb":{"@id":"https:\/\/haute-collection.com\/fr\/nos-stations\/chamonix-mont-blanc\/#breadcrumb"},"inLanguage":"fr-FR","potentialAction":[{"@type":"ReadAction","target":["https:\/\/haute-collection.com\/fr\/nos-stations\/chamonix-mont-blanc\/"]}]},{"@type":"BreadcrumbList","@id":"https:\/\/haute-collection.com\/fr\/nos-stations\/chamonix-mont-blanc\/#breadcrumb","itemListElement":[{"@type":"ListItem","position":1,"name":"Home","item":"https:\/\/haute-collection.com\/fr\/"},{"@type":"ListItem","position":2,"name":"Nos stations","item":"https:\/\/haute-collection.com\/fr\/nos-stations\/"},{"@type":"ListItem","position":3,"name":"Chamonix Mont-Blanc"}]},{"@type":"WebSite","@id":"https:\/\/haute-collection.com\/fr\/#website","url":"https:\/\/haute-collection.com\/fr\/","name":"Haute Collection","description":"Luxury Chalets in Chamonix &amp; Meg\u00e8ve","potentialAction":[{"@type":"SearchAction","target":{"@type":"EntryPoint","urlTemplate":"https:\/\/haute-collection.com\/fr\/?s={search_term_string}"},"query-input":"required name=search_term_string"}],"inLanguage":"fr-FR"}]}},"_links":{"self":[{"href":"https:\/\/haute-collection.com\/fr\/wp-json\/wp\/v2\/pages\/1447"}],"collection":[{"href":"https:\/\/haute-collection.com\/fr\/wp-json\/wp\/v2\/pages"}],"about":[{"href":"https:\/\/haute-collection.com\/fr\/wp-json\/wp\/v2\/types\/page"}],"author":[{"embeddable":true,"href":"https:\/\/haute-collection.com\/fr\/wp-json\/wp\/v2\/users\/3"}],"replies":[{"embeddable":true,"href":"https:\/\/haute-collection.com\/fr\/wp-json\/wp\/v2\/comments?post=1447"}],"version-history":[{"count":5,"href":"https:\/\/haute-collection.com\/fr\/wp-json\/wp\/v2\/pages\/1447\/revisions"}],"predecessor-version":[{"id":1599,"href":"https:\/\/haute-collection.com\/fr\/wp-json\/wp\/v2\/pages\/1447\/revisions\/1599"}],"up":[{"embeddable":true,"href":"https:\/\/haute-collection.com\/fr\/wp-json\/wp\/v2\/pages\/1564"}],"wp:attachment":[{"href":"https:\/\/haute-collection.com\/fr\/wp-json\/wp\/v2\/media?parent=1447"}],"curies":[{"name":"wp","href":"https:\/\/api.w.org\/{rel}","templated":true}]}}