{"id":1551,"date":"2020-05-27T16:57:43","date_gmt":"2020-05-27T14:57:43","guid":{"rendered":"https:\/\/haute-collection.com\/?page_id=1551"},"modified":"2020-07-04T11:37:32","modified_gmt":"2020-07-04T09:37:32","slug":"services","status":"publish","type":"page","link":"https:\/\/haute-collection.com\/fr\/services\/","title":{"rendered":"Services"},"content":{"rendered":"<p>Chez Haute Collection, nous savons \u00e0 quel point vos vacances sont pr\u00e9cieuses. C&rsquo;est pourquoi nous vous offrons la libert\u00e9 de choisir votre exp\u00e9rience de vacances avec notre gamme de services de conciergerie en chalet. Ind\u00e9pendant avec services de m\u00e9nage et de conciergerie. Enti\u00e8rement pris en charge, votre propre chef de chalet personnel, votre propre v\u00e9hicule avec chauffeur ou peut-\u00eatre simplement un chef et un h\u00f4te de chalet pour une occasion sp\u00e9ciale, c&rsquo;est votre d\u00e9cision. Nous pouvons organiser des moniteurs de ski ou des guides de ski pour venir \u00e0 votre chalet. Nous pouvons \u00e9galement organiser l&rsquo;\u00e9quipement de ski pour \u00eatre install\u00e9 dans votre chalet (r\u00e9servation pr\u00e9alable requise. Si tout ce dont vous avez besoin sont des forfaits de ski livr\u00e9s \u00e0 la porte, c&rsquo;est ce que nous ferons.<\/p>\n<p>&nbsp;<\/p>\n<p>En tant qu&rsquo;op\u00e9rateur exclusif de chalets de luxe, nous ferons autant ou aussi peu que vous le souhaitez. Peut-\u00eatre un feu d&rsquo;artifice. Une fondue priv\u00e9e sur les pistes ou un vol en h\u00e9licopt\u00e8re au coucher du soleil sur le Mont Blanc. Nos services s&rsquo;\u00e9tendent jusqu&rsquo;\u00e0 votre imagination. Toutes nos vacances viennent avec votre propre concierge personnel pour organiser tous les d\u00e9tails \u00e0 l&rsquo;avance. Ils seront \u00e9galement disponibles sur place pour organiser tous les services pour rendre vos vacances un peu plus sp\u00e9ciales. Pour plus d&rsquo;informations contactez nous.<\/p>\n<!-- AddThis Advanced Settings generic via filter on the_content --><!-- AddThis Share Buttons generic via filter on the_content -->","protected":false},"excerpt":{"rendered":"<p>Chez Haute Collection, nous savons \u00e0 quel point vos vacances sont pr\u00e9cieuses. C&rsquo;est pourquoi nous vous offrons la libert\u00e9 de choisir votre exp\u00e9rience de vacances avec notre gamme de services de conciergerie en chalet. Ind\u00e9pendant avec services de m\u00e9nage et de conciergerie. Enti\u00e8rement pris en charge, votre propre chef de chalet personnel, votre propre v\u00e9hicule [&hellip;]<!-- AddThis Advanced Settings generic via filter on get_the_excerpt --><!-- AddThis Share Buttons generic via filter on get_the_excerpt --><\/p>\n","protected":false},"author":3,"featured_media":0,"parent":0,"menu_order":0,"comment_status":"closed","ping_status":"closed","template":"templates\/page-services-main.php","meta":{"footnotes":""},"class_list":["post-1551","page","type-page","status-publish","hentry"],"yoast_head":"<!-- This site is optimized with the Yoast SEO plugin v23.2 - https:\/\/yoast.com\/wordpress\/plugins\/seo\/ -->\n<title>Services | Haute Collection<\/title>\n<meta name=\"description\" content=\"In Chalet Concierge Services: Dining-Ski Instructors-Chalet Ski Delivery-Massages-Ski Passes-In resort driving &amp; airport transfer services.\" \/>\n<meta name=\"robots\" content=\"index, follow, max-snippet:-1, max-image-preview:large, max-video-preview:-1\" \/>\n<link rel=\"canonical\" href=\"https:\/\/haute-collection.com\/fr\/services\/\" \/>\n<meta property=\"og:locale\" content=\"fr_FR\" \/>\n<meta property=\"og:type\" content=\"article\" \/>\n<meta property=\"og:title\" content=\"Services | Haute Collection\" \/>\n<meta property=\"og:description\" content=\"In Chalet Concierge Services: Dining-Ski Instructors-Chalet Ski Delivery-Massages-Ski Passes-In resort driving &amp; airport transfer services.\" \/>\n<meta property=\"og:url\" content=\"https:\/\/haute-collection.com\/fr\/services\/\" \/>\n<meta property=\"og:site_name\" content=\"Haute Collection\" \/>\n<meta property=\"article:publisher\" content=\"https:\/\/www.facebook.com\/hautecollectionchamonix\/\" \/>\n<meta property=\"article:modified_time\" content=\"2020-07-04T09:37:32+00:00\" \/>\n<meta property=\"og:image\" content=\"https:\/\/haute-collection.com\/_files\/uploads\/2018\/11\/hc-og-logo-dark-1080x1080-1.png\" \/>\n\t<meta property=\"og:image:width\" content=\"1080\" \/>\n\t<meta property=\"og:image:height\" content=\"1080\" \/>\n\t<meta property=\"og:image:type\" content=\"image\/png\" \/>\n<meta name=\"twitter:card\" content=\"summary_large_image\" \/>\n<meta name=\"twitter:label1\" content=\"Dur\u00e9e de lecture estim\u00e9e\" \/>\n\t<meta name=\"twitter:data1\" content=\"1 minute\" \/>\n<script type=\"application\/ld+json\" class=\"yoast-schema-graph\">{\"@context\":\"https:\/\/schema.org\",\"@graph\":[{\"@type\":\"WebPage\",\"@id\":\"https:\/\/haute-collection.com\/fr\/services\/\",\"url\":\"https:\/\/haute-collection.com\/fr\/services\/\",\"name\":\"Services | Haute Collection\",\"isPartOf\":{\"@id\":\"https:\/\/haute-collection.com\/fr\/#website\"},\"datePublished\":\"2020-05-27T14:57:43+00:00\",\"dateModified\":\"2020-07-04T09:37:32+00:00\",\"description\":\"In Chalet Concierge Services: Dining-Ski Instructors-Chalet Ski Delivery-Massages-Ski Passes-In resort driving & airport transfer services.\",\"breadcrumb\":{\"@id\":\"https:\/\/haute-collection.com\/fr\/services\/#breadcrumb\"},\"inLanguage\":\"fr-FR\",\"potentialAction\":[{\"@type\":\"ReadAction\",\"target\":[\"https:\/\/haute-collection.com\/fr\/services\/\"]}]},{\"@type\":\"BreadcrumbList\",\"@id\":\"https:\/\/haute-collection.com\/fr\/services\/#breadcrumb\",\"itemListElement\":[{\"@type\":\"ListItem\",\"position\":1,\"name\":\"Home\",\"item\":\"https:\/\/haute-collection.com\/fr\/\"},{\"@type\":\"ListItem\",\"position\":2,\"name\":\"Services\"}]},{\"@type\":\"WebSite\",\"@id\":\"https:\/\/haute-collection.com\/fr\/#website\",\"url\":\"https:\/\/haute-collection.com\/fr\/\",\"name\":\"Haute Collection\",\"description\":\"Luxury Chalets in Chamonix &amp; Meg\u00e8ve\",\"potentialAction\":[{\"@type\":\"SearchAction\",\"target\":{\"@type\":\"EntryPoint\",\"urlTemplate\":\"https:\/\/haute-collection.com\/fr\/?s={search_term_string}\"},\"query-input\":\"required name=search_term_string\"}],\"inLanguage\":\"fr-FR\"}]}<\/script>\n<!-- \/ Yoast SEO plugin. -->","yoast_head_json":{"title":"Services | Haute Collection","description":"In Chalet Concierge Services: Dining-Ski Instructors-Chalet Ski Delivery-Massages-Ski Passes-In resort driving & airport transfer services.","robots":{"index":"index","follow":"follow","max-snippet":"max-snippet:-1","max-image-preview":"max-image-preview:large","max-video-preview":"max-video-preview:-1"},"canonical":"https:\/\/haute-collection.com\/fr\/services\/","og_locale":"fr_FR","og_type":"article","og_title":"Services | Haute Collection","og_description":"In Chalet Concierge Services: Dining-Ski Instructors-Chalet Ski Delivery-Massages-Ski Passes-In resort driving & airport transfer services.","og_url":"https:\/\/haute-collection.com\/fr\/services\/","og_site_name":"Haute Collection","article_publisher":"https:\/\/www.facebook.com\/hautecollectionchamonix\/","article_modified_time":"2020-07-04T09:37:32+00:00","og_image":[{"width":1080,"height":1080,"url":"https:\/\/haute-collection.com\/_files\/uploads\/2018\/11\/hc-og-logo-dark-1080x1080-1.png","type":"image\/png"}],"twitter_card":"summary_large_image","twitter_misc":{"Dur\u00e9e de lecture estim\u00e9e":"1 minute"},"schema":{"@context":"https:\/\/schema.org","@graph":[{"@type":"WebPage","@id":"https:\/\/haute-collection.com\/fr\/services\/","url":"https:\/\/haute-collection.com\/fr\/services\/","name":"Services | Haute Collection","isPartOf":{"@id":"https:\/\/haute-collection.com\/fr\/#website"},"datePublished":"2020-05-27T14:57:43+00:00","dateModified":"2020-07-04T09:37:32+00:00","description":"In Chalet Concierge Services: Dining-Ski Instructors-Chalet Ski Delivery-Massages-Ski Passes-In resort driving & airport transfer services.","breadcrumb":{"@id":"https:\/\/haute-collection.com\/fr\/services\/#breadcrumb"},"inLanguage":"fr-FR","potentialAction":[{"@type":"ReadAction","target":["https:\/\/haute-collection.com\/fr\/services\/"]}]},{"@type":"BreadcrumbList","@id":"https:\/\/haute-collection.com\/fr\/services\/#breadcrumb","itemListElement":[{"@type":"ListItem","position":1,"name":"Home","item":"https:\/\/haute-collection.com\/fr\/"},{"@type":"ListItem","position":2,"name":"Services"}]},{"@type":"WebSite","@id":"https:\/\/haute-collection.com\/fr\/#website","url":"https:\/\/haute-collection.com\/fr\/","name":"Haute Collection","description":"Luxury Chalets in Chamonix &amp; Meg\u00e8ve","potentialAction":[{"@type":"SearchAction","target":{"@type":"EntryPoint","urlTemplate":"https:\/\/haute-collection.com\/fr\/?s={search_term_string}"},"query-input":"required name=search_term_string"}],"inLanguage":"fr-FR"}]}},"_links":{"self":[{"href":"https:\/\/haute-collection.com\/fr\/wp-json\/wp\/v2\/pages\/1551"}],"collection":[{"href":"https:\/\/haute-collection.com\/fr\/wp-json\/wp\/v2\/pages"}],"about":[{"href":"https:\/\/haute-collection.com\/fr\/wp-json\/wp\/v2\/types\/page"}],"author":[{"embeddable":true,"href":"https:\/\/haute-collection.com\/fr\/wp-json\/wp\/v2\/users\/3"}],"replies":[{"embeddable":true,"href":"https:\/\/haute-collection.com\/fr\/wp-json\/wp\/v2\/comments?post=1551"}],"version-history":[{"count":4,"href":"https:\/\/haute-collection.com\/fr\/wp-json\/wp\/v2\/pages\/1551\/revisions"}],"predecessor-version":[{"id":1663,"href":"https:\/\/haute-collection.com\/fr\/wp-json\/wp\/v2\/pages\/1551\/revisions\/1663"}],"wp:attachment":[{"href":"https:\/\/haute-collection.com\/fr\/wp-json\/wp\/v2\/media?parent=1551"}],"curies":[{"name":"wp","href":"https:\/\/api.w.org\/{rel}","templated":true}]}}